{"id":4855,"date":"2023-03-20T08:50:23","date_gmt":"2023-03-20T08:50:23","guid":{"rendered":"https:\/\/zm6vab09ac.onrocket.site\/?product=safari-friends-happy-birthday-mini-bulletin-board-%d9%85%d8%ac%d9%85%d9%88%d8%b9%d8%a9-%d9%84%d9%88%d8%ad%d8%a9-%d8%a7%d9%84%d8%a5%d8%b9%d9%84%d8%a7%d9%86%d8%a7%d8%aa-%d8%a7%d9%84%d9%85%d8%b5%"},"modified":"2025-01-26T22:24:14","modified_gmt":"2025-01-26T22:24:14","slug":"safari-friends-happy-birthday-mini-bulletin-board-%d9%85%d8%ac%d9%85%d9%88%d8%b9%d8%a9-%d9%84%d9%88%d8%ad%d8%a9-%d8%a7%d9%84%d8%a5%d8%b9%d9%84%d8%a7%d9%86%d8%a7%d8%aa-%d8%a7%d9%84%d9%85%d8%b5%d8%ba","status":"publish","type":"product","link":"https:\/\/gtcksa.com\/ar\/product-ar\/safari-friends-happy-birthday-mini-bulletin-board-%d9%85%d8%ac%d9%85%d9%88%d8%b9%d8%a9-%d9%84%d9%88%d8%ad%d8%a9-%d8%a7%d9%84%d8%a5%d8%b9%d9%84%d8%a7%d9%86%d8%a7%d8%aa-%d8%a7%d9%84%d9%85%d8%b5%d8%ba\/","title":{"rendered":"Safari Friends Happy Birthday Mini Bulletin Board-\u0645\u062c\u0645\u0648\u0639\u0629 \u0644\u0648\u062d\u0629 \u0627\u0644\u0625\u0639\u0644\u0627\u0646\u0627\u062a \u0627\u0644\u0645\u0635\u063a\u0631\u0629"},"content":{"rendered":"<p>Charming wild animals give this Safari Friends Happy Birthday Mini Bulletin Board a bright and breezy look. This 16-piece set includes 12 month pieces, a Happy Birthday sign, a We&#8217;re Wild About___ Birthday sign, a Today&#8217;s Your Day! sign, and a picture frame\/blank sign. The playful designs are perfect for a variety of classroom themes and displays, including adventure, nature, outdoors, science, animals, the zoo, and more. <\/p>\n<ul>\n<li>Month pieces measure approx. 5.5\u00d3 x 9\u00d3<\/li>\n<li>Happy Birthday sign measures 10.5\u00d3 x 6\u00d3<\/li>\n<li>We&#8217;re Wild About sign measures 5.5\u00d3 x 9\u00d3<\/li>\n<li>Today&#8217;s Your Day sign measures 5.5\u00d3 x 7.5\u00d3<\/li>\n<li>Picture frame\/blank sign measures 9.5\u00d3 x 5.5\u00d3<\/li>\n<\/ul>\n<p>Mini bulletin board set also includes an instructional guide with display ideas and classroom lesson activities. <\/p>\n","protected":false},"excerpt":{"rendered":"<p>Charming wild animals give this Safari Friends Happy Birthday Mini Bulletin Board a bright and breezy look. This 16-piece set includes 12 month pieces, a Happy Birthday sign, a We&#8217;re Wild About___ Birthday sign, a Today&#8217;s Your Day! sign, and a picture frame\/blank sign. The playful designs are perfect for a variety of classroom themes and displays, including adventure, nature, outdoors, science, animals, the zoo, and more.         Month pieces measure approx. 5.5\u00d3 x 9\u00d3      Happy Birthday sign measures 10.5\u00d3 x 6\u00d3      We&#8217;re Wild About sign measures 5.5\u00d3 x 9\u00d3      Today&#8217;s Your Day sign measures 5.5\u00d3 x 7.5\u00d3      Picture frame\/blank sign measures 9.5\u00d3 x 5.5\u00d3    Mini bulletin board set also includes an instructional guide with display ideas and classroom lesson activities. <\/p>\n","protected":false},"featured_media":4857,"comment_status":"open","ping_status":"closed","template":"","meta":{"_joinchat":[]},"product_brand":[4621],"product_cat":[767],"product_tag":[1533,1503,1581],"class_list":{"0":"post-4855","1":"product","2":"type-product","3":"status-publish","4":"has-post-thumbnail","6":"product_brand-creative-teaching-press-ar","7":"product_cat-767","8":"product_tag-animals","9":"product_tag-at-school","10":"product_tag-birthday","11":"product_shipping_class-small-items-ar","12":"pa_theme-safari-friends-ar","14":"first","15":"outofstock","16":"taxable","17":"shipping-taxable","18":"purchasable","19":"product-type-simple"},"_links":{"self":[{"href":"https:\/\/gtcksa.com\/ar\/wp-json\/wp\/v2\/product\/4855","targetHints":{"allow":["GET"]}}],"collection":[{"href":"https:\/\/gtcksa.com\/ar\/wp-json\/wp\/v2\/product"}],"about":[{"href":"https:\/\/gtcksa.com\/ar\/wp-json\/wp\/v2\/types\/product"}],"replies":[{"embeddable":true,"href":"https:\/\/gtcksa.com\/ar\/wp-json\/wp\/v2\/comments?post=4855"}],"version-history":[{"count":0,"href":"https:\/\/gtcksa.com\/ar\/wp-json\/wp\/v2\/product\/4855\/revisions"}],"wp:featuredmedia":[{"embeddable":true,"href":"https:\/\/gtcksa.com\/ar\/wp-json\/wp\/v2\/media\/4857"}],"wp:attachment":[{"href":"https:\/\/gtcksa.com\/ar\/wp-json\/wp\/v2\/media?parent=4855"}],"wp:term":[{"taxonomy":"product_brand","embeddable":true,"href":"https:\/\/gtcksa.com\/ar\/wp-json\/wp\/v2\/product_brand?post=4855"},{"taxonomy":"product_cat","embeddable":true,"href":"https:\/\/gtcksa.com\/ar\/wp-json\/wp\/v2\/product_cat?post=4855"},{"taxonomy":"product_tag","embeddable":true,"href":"https:\/\/gtcksa.com\/ar\/wp-json\/wp\/v2\/product_tag?post=4855"}],"curies":[{"name":"wp","href":"https:\/\/api.w.org\/{rel}","templated":true}]}}