{"id":4859,"date":"2023-03-20T08:50:33","date_gmt":"2023-03-20T08:50:33","guid":{"rendered":"https:\/\/zm6vab09ac.onrocket.site\/?product=bold-bright-class-jobs-mini-bulletin-board-%d9%85%d8%ac%d9%85%d9%88%d8%b9%d8%a9-%d9%84%d9%88%d8%ad%d8%a9-%d8%a7%d9%84%d8%a5%d8%b9%d9%84%d8%a7%d9%86%d8%a7%d8%aa-%d8%a7%d9%84%d9%85%d8%b5%d8%ba%d"},"modified":"2025-01-26T22:24:14","modified_gmt":"2025-01-26T22:24:14","slug":"bold-bright-class-jobs-mini-bulletin-board-%d9%85%d8%ac%d9%85%d9%88%d8%b9%d8%a9-%d9%84%d9%88%d8%ad%d8%a9-%d8%a7%d9%84%d8%a5%d8%b9%d9%84%d8%a7%d9%86%d8%a7%d8%aa-%d8%a7%d9%84%d9%85%d8%b5%d8%ba%d8%b1","status":"publish","type":"product","link":"https:\/\/gtcksa.com\/ar\/product-ar\/bold-bright-class-jobs-mini-bulletin-board-%d9%85%d8%ac%d9%85%d9%88%d8%b9%d8%a9-%d9%84%d9%88%d8%ad%d8%a9-%d8%a7%d9%84%d8%a5%d8%b9%d9%84%d8%a7%d9%86%d8%a7%d8%aa-%d8%a7%d9%84%d9%85%d8%b5%d8%ba%d8%b1\/","title":{"rendered":"Bold &#038; Bright Class Jobs Mini Bulletin Board-\u0645\u062c\u0645\u0648\u0639\u0629 \u0644\u0648\u062d\u0629 \u0627\u0644\u0625\u0639\u0644\u0627\u0646\u0627\u062a \u0627\u0644\u0645\u0635\u063a\u0631\u0629"},"content":{"rendered":"<p>This Bold &amp; Bright Class Jobs Mini Bulletin Board brings bold patterns and bright pops of color to your classroom jobs display. The Bold &amp; Bright set features stripes, dots, and spots combined with playful school supply accents such as binder clips, push pins, and corkboard for a fun, modern look. This 46-piece set includes 10 pre-labeled job pockets (Playground Equipment, Pencils, Chairs, Messenger, Pets, Doors, Line Leader, Papers, Supplies, Plants), 3 blank job pockets, and 32 student job sticks. Pre-cut slits on job cards make attaching names a breeze. <\/p>\n<ul>\n<li>Title headline measures 10.5\u00d3 x 6\u00d3<\/li>\n<li>Job cards measure approx. 5.5\u00d3 x 7.5\u00d3<\/li>\n<li>Student name pieces measure 1\u00d3 x 4.5\u00d3<\/li>\n<\/ul>\n<p>Mini bulletin board set also includes an instructional guide with display ideas and classroom lesson activities. <\/p>\n","protected":false},"excerpt":{"rendered":"<p>This Bold &#038; Bright Class Jobs Mini Bulletin Board brings bold patterns and bright pops of color to your classroom jobs display. The Bold &#038; Bright set features stripes, dots, and spots combined with playful school supply accents such as binder clips, push pins, and corkboard for a fun, modern look. This 46-piece set includes 10 pre-labeled job pockets (Playground Equipment, Pencils, Chairs, Messenger, Pets, Doors, Line Leader, Papers, Supplies, Plants), 3 blank job pockets, and 32 student job sticks. Pre-cut slits on job cards make attaching names a breeze.         Title headline measures 10.5\u00d3 x 6\u00d3      Job cards measure approx. 5.5\u00d3 x 7.5\u00d3      Student name pieces measure 1\u00d3 x 4.5\u00d3    Mini bulletin board set also includes an instructional guide with display ideas and classroom lesson activities. <\/p>\n","protected":false},"featured_media":4861,"comment_status":"open","ping_status":"closed","template":"","meta":{"_joinchat":[]},"product_brand":[4621],"product_cat":[767],"product_tag":[1503,1547,1569],"class_list":{"0":"post-4859","1":"product","2":"type-product","3":"status-publish","4":"has-post-thumbnail","6":"product_brand-creative-teaching-press-ar","7":"product_cat-767","8":"product_tag-at-school","9":"product_tag-bold-amp-bright","10":"product_tag-class-jobs-amp-centers","11":"product_shipping_class-small-items-ar","12":"pa_theme-bold-amp-bright-ar","14":"first","15":"outofstock","16":"taxable","17":"shipping-taxable","18":"purchasable","19":"product-type-simple"},"_links":{"self":[{"href":"https:\/\/gtcksa.com\/ar\/wp-json\/wp\/v2\/product\/4859","targetHints":{"allow":["GET"]}}],"collection":[{"href":"https:\/\/gtcksa.com\/ar\/wp-json\/wp\/v2\/product"}],"about":[{"href":"https:\/\/gtcksa.com\/ar\/wp-json\/wp\/v2\/types\/product"}],"replies":[{"embeddable":true,"href":"https:\/\/gtcksa.com\/ar\/wp-json\/wp\/v2\/comments?post=4859"}],"version-history":[{"count":0,"href":"https:\/\/gtcksa.com\/ar\/wp-json\/wp\/v2\/product\/4859\/revisions"}],"wp:featuredmedia":[{"embeddable":true,"href":"https:\/\/gtcksa.com\/ar\/wp-json\/wp\/v2\/media\/4861"}],"wp:attachment":[{"href":"https:\/\/gtcksa.com\/ar\/wp-json\/wp\/v2\/media?parent=4859"}],"wp:term":[{"taxonomy":"product_brand","embeddable":true,"href":"https:\/\/gtcksa.com\/ar\/wp-json\/wp\/v2\/product_brand?post=4859"},{"taxonomy":"product_cat","embeddable":true,"href":"https:\/\/gtcksa.com\/ar\/wp-json\/wp\/v2\/product_cat?post=4859"},{"taxonomy":"product_tag","embeddable":true,"href":"https:\/\/gtcksa.com\/ar\/wp-json\/wp\/v2\/product_tag?post=4859"}],"curies":[{"name":"wp","href":"https:\/\/api.w.org\/{rel}","templated":true}]}}